{"id":34827,"date":"2025-09-10T08:26:52","date_gmt":"2025-09-10T08:26:52","guid":{"rendered":"https:\/\/joomhost1.com\/leishvet\/?page_id=34827"},"modified":"2025-09-17T15:02:34","modified_gmt":"2025-09-17T15:02:34","slug":"leishmaniose-canine-et-feline","status":"publish","type":"page","link":"https:\/\/joomhost1.com\/leishvet\/leishmaniose-canine-et-feline\/","title":{"rendered":"Leishmaniose Canine et Feline"},"content":{"rendered":"<div class=\"wpb-content-wrapper\"><p>[vc_row row_height_percent=&#8221;0&#8243; override_padding=&#8221;yes&#8221; h_padding=&#8221;2&#8243; top_padding=&#8221;3&#8243; bottom_padding=&#8221;4&#8243; overlay_alpha=&#8221;50&#8243; gutter_size=&#8221;3&#8243; column_width_percent=&#8221;100&#8243; shift_y=&#8221;0&#8243; z_index=&#8221;0&#8243; content_parallax=&#8221;0&#8243; uncode_shortcode_id=&#8221;145571&#8243;][vc_column column_width_percent=&#8221;100&#8243; gutter_size=&#8221;2&#8243; overlay_alpha=&#8221;50&#8243; shift_x=&#8221;0&#8243; shift_y=&#8221;0&#8243; shift_y_down=&#8221;0&#8243; z_index=&#8221;0&#8243; medium_width=&#8221;0&#8243; mobile_width=&#8221;0&#8243; sticky=&#8221;yes&#8221; width=&#8221;9\/12&#8243; uncode_shortcode_id=&#8221;322513&#8243;][vc_row_inner][vc_column_inner width=&#8221;11\/12&#8243;][vc_custom_heading text_color=&#8221;color-xsdn&#8221; heading_semantic=&#8221;h1&#8243; text_size=&#8221;h5&#8243; text_transform=&#8221;uppercase&#8221; badge_style=&#8221;yes&#8221; back_color=&#8221;accent&#8221; radius=&#8221;std&#8221; uncode_shortcode_id=&#8221;199274&#8243; back_color_type=&#8221;uncode-palette&#8221; text_color_type=&#8221;uncode-palette&#8221;]A PROPOS DU GROUPE LEISHVET[\/vc_custom_heading][\/vc_column_inner][vc_column_inner width=&#8221;1\/12&#8243;][vc_single_image media=&#8221;34753&#8243; media_width_percent=&#8221;100&#8243; uncode_shortcode_id=&#8221;152344&#8243;][\/vc_column_inner][\/vc_row_inner][vc_empty_space empty_h=&#8221;0&#8243;][vc_column_text uncode_shortcode_id=&#8221;927007&#8243; el_class=&#8221;text-justify&#8221;]<b>LeishVet<\/b> est un groupe de v\u00e9t\u00e9rinaires scientifiques de structures acad\u00e9miques des pays du bassin m\u00e9diterran\u00e9en et d\u2019Am\u00e9rique du Nord dont l\u2019int\u00e9r\u00eat s\u2019est port\u00e9 sur les aspects cliniques et scientifiques de la Leishmaniose canine. Son objectif principal est d\u2019am\u00e9liorer les connaissances sur les diff\u00e9rents aspects de la leishmaniose en m\u00e9decine v\u00e9t\u00e9rinaire et sant\u00e9 publique, incluant la production de recommandations de consensus fond\u00e9es sur l\u2019analyse des connaissance r\u00e9centes issues de la litt\u00e9rature et l\u2019exp\u00e9rience clinique en vue d\u2019apporter la meilleure interpr\u00e9tation actualis\u00e9e sur les infections leishmaniennes chez les chiens, chats et autres esp\u00e8ces animales.<\/p>\n<p><b>Ce document sera disponible en fran\u00e7ais sous peu. Pour l&#8217;instant, nous vous invitons \u00e0 le t\u00e9l\u00e9charger en anglais.<\/b>[\/vc_column_text][\/vc_column][vc_column width=&#8221;3\/12&#8243;][uncode_block id=&#8221;34801&#8243; inside_column=&#8221;yes&#8221;][\/vc_column][\/vc_row]<\/p>\n<\/div>","protected":false},"excerpt":{"rendered":"<p>[vc_row row_height_percent=&#8221;0&#8243; override_padding=&#8221;yes&#8221; h_padding=&#8221;2&#8243; top_padding=&#8221;3&#8243; bottom_padding=&#8221;4&#8243; overlay_alpha=&#8221;50&#8243; gutter_size=&#8221;3&#8243; column_width_percent=&#8221;100&#8243; shift_y=&#8221;0&#8243; z_index=&#8221;0&#8243; content_parallax=&#8221;0&#8243; uncode_shortcode_id=&#8221;145571&#8243;][vc_column column_width_percent=&#8221;100&#8243; gutter_size=&#8221;2&#8243; overlay_alpha=&#8221;50&#8243; shift_x=&#8221;0&#8243; shift_y=&#8221;0&#8243; shift_y_down=&#8221;0&#8243; z_index=&#8221;0&#8243; [&hellip;]<\/p>\n","protected":false},"author":2,"featured_media":0,"parent":0,"menu_order":0,"comment_status":"closed","ping_status":"closed","template":"","meta":{"inline_featured_image":false,"footnotes":""},"class_list":["post-34827","page","type-page","status-publish","hentry","page_category-leishvet"],"yoast_head":"<!-- This site is optimized with the Yoast SEO plugin v26.4 - https:\/\/yoast.com\/wordpress\/plugins\/seo\/ -->\n<title>Leishmaniose Canine et Feline - LeishVet<\/title>\n<meta name=\"robots\" content=\"index, follow, max-snippet:-1, max-image-preview:large, max-video-preview:-1\" \/>\n<link rel=\"canonical\" href=\"https:\/\/joomhost1.com\/leishvet\/leishmaniose-canine-et-feline\/\" \/>\n<meta property=\"og:locale\" content=\"en_US\" \/>\n<meta property=\"og:type\" content=\"article\" \/>\n<meta property=\"og:title\" content=\"Leishmaniose Canine et Feline - LeishVet\" \/>\n<meta property=\"og:description\" content=\"[vc_row row_height_percent=&#8221;0&#8243; override_padding=&#8221;yes&#8221; h_padding=&#8221;2&#8243; top_padding=&#8221;3&#8243; bottom_padding=&#8221;4&#8243; overlay_alpha=&#8221;50&#8243; gutter_size=&#8221;3&#8243; column_width_percent=&#8221;100&#8243; shift_y=&#8221;0&#8243; z_index=&#8221;0&#8243; content_parallax=&#8221;0&#8243; uncode_shortcode_id=&#8221;145571&#8243;][vc_column column_width_percent=&#8221;100&#8243; gutter_size=&#8221;2&#8243; overlay_alpha=&#8221;50&#8243; shift_x=&#8221;0&#8243; shift_y=&#8221;0&#8243; shift_y_down=&#8221;0&#8243; z_index=&#8221;0&#8243; [&hellip;]\" \/>\n<meta property=\"og:url\" content=\"https:\/\/joomhost1.com\/leishvet\/leishmaniose-canine-et-feline\/\" \/>\n<meta property=\"og:site_name\" content=\"LeishVet\" \/>\n<meta property=\"article:modified_time\" content=\"2025-09-17T15:02:34+00:00\" \/>\n<meta name=\"twitter:card\" content=\"summary_large_image\" \/>\n<meta name=\"twitter:label1\" content=\"Est. reading time\" \/>\n\t<meta name=\"twitter:data1\" content=\"1 minute\" \/>\n<script type=\"application\/ld+json\" class=\"yoast-schema-graph\">{\"@context\":\"https:\/\/schema.org\",\"@graph\":[{\"@type\":\"WebPage\",\"@id\":\"https:\/\/joomhost1.com\/leishvet\/leishmaniose-canine-et-feline\/\",\"url\":\"https:\/\/joomhost1.com\/leishvet\/leishmaniose-canine-et-feline\/\",\"name\":\"Leishmaniose Canine et Feline - LeishVet\",\"isPartOf\":{\"@id\":\"https:\/\/joomhost1.com\/leishvet\/#website\"},\"datePublished\":\"2025-09-10T08:26:52+00:00\",\"dateModified\":\"2025-09-17T15:02:34+00:00\",\"breadcrumb\":{\"@id\":\"https:\/\/joomhost1.com\/leishvet\/leishmaniose-canine-et-feline\/#breadcrumb\"},\"inLanguage\":\"en-US\",\"potentialAction\":[{\"@type\":\"ReadAction\",\"target\":[\"https:\/\/joomhost1.com\/leishvet\/leishmaniose-canine-et-feline\/\"]}]},{\"@type\":\"BreadcrumbList\",\"@id\":\"https:\/\/joomhost1.com\/leishvet\/leishmaniose-canine-et-feline\/#breadcrumb\",\"itemListElement\":[{\"@type\":\"ListItem\",\"position\":1,\"name\":\"Home\",\"item\":\"https:\/\/joomhost1.com\/leishvet\/\"},{\"@type\":\"ListItem\",\"position\":2,\"name\":\"Leishmaniose Canine et Feline\"}]},{\"@type\":\"WebSite\",\"@id\":\"https:\/\/joomhost1.com\/leishvet\/#website\",\"url\":\"https:\/\/joomhost1.com\/leishvet\/\",\"name\":\"LeishVet\",\"description\":\"Scientific Association on Veterinary Leishmaniosis\",\"potentialAction\":[{\"@type\":\"SearchAction\",\"target\":{\"@type\":\"EntryPoint\",\"urlTemplate\":\"https:\/\/joomhost1.com\/leishvet\/?s={search_term_string}\"},\"query-input\":{\"@type\":\"PropertyValueSpecification\",\"valueRequired\":true,\"valueName\":\"search_term_string\"}}],\"inLanguage\":\"en-US\"}]}<\/script>\n<!-- \/ Yoast SEO plugin. -->","yoast_head_json":{"title":"Leishmaniose Canine et Feline - LeishVet","robots":{"index":"index","follow":"follow","max-snippet":"max-snippet:-1","max-image-preview":"max-image-preview:large","max-video-preview":"max-video-preview:-1"},"canonical":"https:\/\/joomhost1.com\/leishvet\/leishmaniose-canine-et-feline\/","og_locale":"en_US","og_type":"article","og_title":"Leishmaniose Canine et Feline - LeishVet","og_description":"[vc_row row_height_percent=&#8221;0&#8243; override_padding=&#8221;yes&#8221; h_padding=&#8221;2&#8243; top_padding=&#8221;3&#8243; bottom_padding=&#8221;4&#8243; overlay_alpha=&#8221;50&#8243; gutter_size=&#8221;3&#8243; column_width_percent=&#8221;100&#8243; shift_y=&#8221;0&#8243; z_index=&#8221;0&#8243; content_parallax=&#8221;0&#8243; uncode_shortcode_id=&#8221;145571&#8243;][vc_column column_width_percent=&#8221;100&#8243; gutter_size=&#8221;2&#8243; overlay_alpha=&#8221;50&#8243; shift_x=&#8221;0&#8243; shift_y=&#8221;0&#8243; shift_y_down=&#8221;0&#8243; z_index=&#8221;0&#8243; [&hellip;]","og_url":"https:\/\/joomhost1.com\/leishvet\/leishmaniose-canine-et-feline\/","og_site_name":"LeishVet","article_modified_time":"2025-09-17T15:02:34+00:00","twitter_card":"summary_large_image","twitter_misc":{"Est. reading time":"1 minute"},"schema":{"@context":"https:\/\/schema.org","@graph":[{"@type":"WebPage","@id":"https:\/\/joomhost1.com\/leishvet\/leishmaniose-canine-et-feline\/","url":"https:\/\/joomhost1.com\/leishvet\/leishmaniose-canine-et-feline\/","name":"Leishmaniose Canine et Feline - LeishVet","isPartOf":{"@id":"https:\/\/joomhost1.com\/leishvet\/#website"},"datePublished":"2025-09-10T08:26:52+00:00","dateModified":"2025-09-17T15:02:34+00:00","breadcrumb":{"@id":"https:\/\/joomhost1.com\/leishvet\/leishmaniose-canine-et-feline\/#breadcrumb"},"inLanguage":"en-US","potentialAction":[{"@type":"ReadAction","target":["https:\/\/joomhost1.com\/leishvet\/leishmaniose-canine-et-feline\/"]}]},{"@type":"BreadcrumbList","@id":"https:\/\/joomhost1.com\/leishvet\/leishmaniose-canine-et-feline\/#breadcrumb","itemListElement":[{"@type":"ListItem","position":1,"name":"Home","item":"https:\/\/joomhost1.com\/leishvet\/"},{"@type":"ListItem","position":2,"name":"Leishmaniose Canine et Feline"}]},{"@type":"WebSite","@id":"https:\/\/joomhost1.com\/leishvet\/#website","url":"https:\/\/joomhost1.com\/leishvet\/","name":"LeishVet","description":"Scientific Association on Veterinary Leishmaniosis","potentialAction":[{"@type":"SearchAction","target":{"@type":"EntryPoint","urlTemplate":"https:\/\/joomhost1.com\/leishvet\/?s={search_term_string}"},"query-input":{"@type":"PropertyValueSpecification","valueRequired":true,"valueName":"search_term_string"}}],"inLanguage":"en-US"}]}},"_links":{"self":[{"href":"https:\/\/joomhost1.com\/leishvet\/wp-json\/wp\/v2\/pages\/34827","targetHints":{"allow":["GET"]}}],"collection":[{"href":"https:\/\/joomhost1.com\/leishvet\/wp-json\/wp\/v2\/pages"}],"about":[{"href":"https:\/\/joomhost1.com\/leishvet\/wp-json\/wp\/v2\/types\/page"}],"author":[{"embeddable":true,"href":"https:\/\/joomhost1.com\/leishvet\/wp-json\/wp\/v2\/users\/2"}],"replies":[{"embeddable":true,"href":"https:\/\/joomhost1.com\/leishvet\/wp-json\/wp\/v2\/comments?post=34827"}],"version-history":[{"count":1,"href":"https:\/\/joomhost1.com\/leishvet\/wp-json\/wp\/v2\/pages\/34827\/revisions"}],"predecessor-version":[{"id":34828,"href":"https:\/\/joomhost1.com\/leishvet\/wp-json\/wp\/v2\/pages\/34827\/revisions\/34828"}],"wp:attachment":[{"href":"https:\/\/joomhost1.com\/leishvet\/wp-json\/wp\/v2\/media?parent=34827"}],"curies":[{"name":"wp","href":"https:\/\/api.w.org\/{rel}","templated":true}]}}