{"id":34831,"date":"2025-09-10T08:31:13","date_gmt":"2025-09-10T08:31:13","guid":{"rendered":"https:\/\/joomhost1.com\/leishvet\/?page_id=34831"},"modified":"2025-09-17T15:02:22","modified_gmt":"2025-09-17T15:02:22","slug":"leishmaniose-bei-hunden-und-katzen","status":"publish","type":"page","link":"https:\/\/joomhost1.com\/leishvet\/leishmaniose-bei-hunden-und-katzen\/","title":{"rendered":"Leishmaniose bei Hunden und Katzen"},"content":{"rendered":"<div class=\"wpb-content-wrapper\"><p>[vc_row row_height_percent=&#8221;0&#8243; override_padding=&#8221;yes&#8221; h_padding=&#8221;2&#8243; top_padding=&#8221;3&#8243; bottom_padding=&#8221;4&#8243; overlay_alpha=&#8221;50&#8243; gutter_size=&#8221;3&#8243; column_width_percent=&#8221;100&#8243; shift_y=&#8221;0&#8243; z_index=&#8221;0&#8243; content_parallax=&#8221;0&#8243; uncode_shortcode_id=&#8221;145571&#8243;][vc_column column_width_percent=&#8221;100&#8243; gutter_size=&#8221;2&#8243; overlay_alpha=&#8221;50&#8243; shift_x=&#8221;0&#8243; shift_y=&#8221;0&#8243; shift_y_down=&#8221;0&#8243; z_index=&#8221;0&#8243; medium_width=&#8221;0&#8243; mobile_width=&#8221;0&#8243; sticky=&#8221;yes&#8221; width=&#8221;9\/12&#8243; uncode_shortcode_id=&#8221;322513&#8243;][vc_row_inner][vc_column_inner width=&#8221;11\/12&#8243;][vc_custom_heading text_color=&#8221;color-xsdn&#8221; heading_semantic=&#8221;h1&#8243; text_size=&#8221;h5&#8243; text_transform=&#8221;uppercase&#8221; badge_style=&#8221;yes&#8221; back_color=&#8221;accent&#8221; radius=&#8221;std&#8221; uncode_shortcode_id=&#8221;513346&#8243; back_color_type=&#8221;uncode-palette&#8221; text_color_type=&#8221;uncode-palette&#8221;]\u00dcBER DIE LEISHVET-GRUPPE[\/vc_custom_heading][\/vc_column_inner][vc_column_inner width=&#8221;1\/12&#8243;][vc_single_image media=&#8221;34752&#8243; media_width_percent=&#8221;100&#8243; uncode_shortcode_id=&#8221;195974&#8243;][\/vc_column_inner][\/vc_row_inner][vc_empty_space empty_h=&#8221;0&#8243;][vc_column_text uncode_shortcode_id=&#8221;611849&#8243; el_class=&#8221;text-justify&#8221;]Bei <b>LeishVet<\/b> handelt es sich um eine Gruppe von Veterin\u00e4rwissenschaftlern aus akademischen Institutionen im Mittelmeerraum und Nordamerika, deren prim\u00e4res klinisches und wissenschaftliches Interesse die Leishmaniose beim Hund ist. Hauptziel der Gruppe ist die Verbesserung des Wissens u\u0308ber verschiedene Aspekte der Leishmaniose in der Tiermedizin und im Public-Health-Bereich. Dies umfasst auch die Entwicklung von Konsensusempfehlungen auf der Basis der ju\u0308ngsten evidenzbasierten Literatur und klinischer Erfahrungen, die den neuesten Erkenntnissen u\u0308ber <em>Leishmania<\/em>-Infektionen bei Hunden, Katzen und anderen Tieren entsprechen.<\/p>\n<p><b>Dieses Dokument wird in K\u00fcrze auf Deutsch verf\u00fcgbar sein. Vorl\u00e4ufig k\u00f6nnen Sie sie auf Englisch herunterladen.<\/b>[\/vc_column_text][\/vc_column][vc_column width=&#8221;3\/12&#8243;][uncode_block id=&#8221;34801&#8243; inside_column=&#8221;yes&#8221;][\/vc_column][\/vc_row]<\/p>\n<\/div>","protected":false},"excerpt":{"rendered":"<p>[vc_row row_height_percent=&#8221;0&#8243; override_padding=&#8221;yes&#8221; h_padding=&#8221;2&#8243; top_padding=&#8221;3&#8243; bottom_padding=&#8221;4&#8243; overlay_alpha=&#8221;50&#8243; gutter_size=&#8221;3&#8243; column_width_percent=&#8221;100&#8243; shift_y=&#8221;0&#8243; z_index=&#8221;0&#8243; content_parallax=&#8221;0&#8243; uncode_shortcode_id=&#8221;145571&#8243;][vc_column column_width_percent=&#8221;100&#8243; gutter_size=&#8221;2&#8243; overlay_alpha=&#8221;50&#8243; shift_x=&#8221;0&#8243; shift_y=&#8221;0&#8243; shift_y_down=&#8221;0&#8243; z_index=&#8221;0&#8243; [&hellip;]<\/p>\n","protected":false},"author":2,"featured_media":0,"parent":0,"menu_order":0,"comment_status":"closed","ping_status":"closed","template":"","meta":{"inline_featured_image":false,"footnotes":""},"class_list":["post-34831","page","type-page","status-publish","hentry","page_category-leishvet"],"yoast_head":"<!-- This site is optimized with the Yoast SEO plugin v26.4 - https:\/\/yoast.com\/wordpress\/plugins\/seo\/ -->\n<title>Leishmaniose bei Hunden und Katzen - LeishVet<\/title>\n<meta name=\"robots\" content=\"index, follow, max-snippet:-1, max-image-preview:large, max-video-preview:-1\" \/>\n<link rel=\"canonical\" href=\"https:\/\/joomhost1.com\/leishvet\/leishmaniose-bei-hunden-und-katzen\/\" \/>\n<meta property=\"og:locale\" content=\"en_US\" \/>\n<meta property=\"og:type\" content=\"article\" \/>\n<meta property=\"og:title\" content=\"Leishmaniose bei Hunden und Katzen - LeishVet\" \/>\n<meta property=\"og:description\" content=\"[vc_row row_height_percent=&#8221;0&#8243; override_padding=&#8221;yes&#8221; h_padding=&#8221;2&#8243; top_padding=&#8221;3&#8243; bottom_padding=&#8221;4&#8243; overlay_alpha=&#8221;50&#8243; gutter_size=&#8221;3&#8243; column_width_percent=&#8221;100&#8243; shift_y=&#8221;0&#8243; z_index=&#8221;0&#8243; content_parallax=&#8221;0&#8243; uncode_shortcode_id=&#8221;145571&#8243;][vc_column column_width_percent=&#8221;100&#8243; gutter_size=&#8221;2&#8243; overlay_alpha=&#8221;50&#8243; shift_x=&#8221;0&#8243; shift_y=&#8221;0&#8243; shift_y_down=&#8221;0&#8243; z_index=&#8221;0&#8243; [&hellip;]\" \/>\n<meta property=\"og:url\" content=\"https:\/\/joomhost1.com\/leishvet\/leishmaniose-bei-hunden-und-katzen\/\" \/>\n<meta property=\"og:site_name\" content=\"LeishVet\" \/>\n<meta property=\"article:modified_time\" content=\"2025-09-17T15:02:22+00:00\" \/>\n<meta name=\"twitter:card\" content=\"summary_large_image\" \/>\n<meta name=\"twitter:label1\" content=\"Est. reading time\" \/>\n\t<meta name=\"twitter:data1\" content=\"1 minute\" \/>\n<script type=\"application\/ld+json\" class=\"yoast-schema-graph\">{\"@context\":\"https:\/\/schema.org\",\"@graph\":[{\"@type\":\"WebPage\",\"@id\":\"https:\/\/joomhost1.com\/leishvet\/leishmaniose-bei-hunden-und-katzen\/\",\"url\":\"https:\/\/joomhost1.com\/leishvet\/leishmaniose-bei-hunden-und-katzen\/\",\"name\":\"Leishmaniose bei Hunden und Katzen - LeishVet\",\"isPartOf\":{\"@id\":\"https:\/\/joomhost1.com\/leishvet\/#website\"},\"datePublished\":\"2025-09-10T08:31:13+00:00\",\"dateModified\":\"2025-09-17T15:02:22+00:00\",\"breadcrumb\":{\"@id\":\"https:\/\/joomhost1.com\/leishvet\/leishmaniose-bei-hunden-und-katzen\/#breadcrumb\"},\"inLanguage\":\"en-US\",\"potentialAction\":[{\"@type\":\"ReadAction\",\"target\":[\"https:\/\/joomhost1.com\/leishvet\/leishmaniose-bei-hunden-und-katzen\/\"]}]},{\"@type\":\"BreadcrumbList\",\"@id\":\"https:\/\/joomhost1.com\/leishvet\/leishmaniose-bei-hunden-und-katzen\/#breadcrumb\",\"itemListElement\":[{\"@type\":\"ListItem\",\"position\":1,\"name\":\"Home\",\"item\":\"https:\/\/joomhost1.com\/leishvet\/\"},{\"@type\":\"ListItem\",\"position\":2,\"name\":\"Leishmaniose bei Hunden und Katzen\"}]},{\"@type\":\"WebSite\",\"@id\":\"https:\/\/joomhost1.com\/leishvet\/#website\",\"url\":\"https:\/\/joomhost1.com\/leishvet\/\",\"name\":\"LeishVet\",\"description\":\"Scientific Association on Veterinary Leishmaniosis\",\"potentialAction\":[{\"@type\":\"SearchAction\",\"target\":{\"@type\":\"EntryPoint\",\"urlTemplate\":\"https:\/\/joomhost1.com\/leishvet\/?s={search_term_string}\"},\"query-input\":{\"@type\":\"PropertyValueSpecification\",\"valueRequired\":true,\"valueName\":\"search_term_string\"}}],\"inLanguage\":\"en-US\"}]}<\/script>\n<!-- \/ Yoast SEO plugin. -->","yoast_head_json":{"title":"Leishmaniose bei Hunden und Katzen - LeishVet","robots":{"index":"index","follow":"follow","max-snippet":"max-snippet:-1","max-image-preview":"max-image-preview:large","max-video-preview":"max-video-preview:-1"},"canonical":"https:\/\/joomhost1.com\/leishvet\/leishmaniose-bei-hunden-und-katzen\/","og_locale":"en_US","og_type":"article","og_title":"Leishmaniose bei Hunden und Katzen - LeishVet","og_description":"[vc_row row_height_percent=&#8221;0&#8243; override_padding=&#8221;yes&#8221; h_padding=&#8221;2&#8243; top_padding=&#8221;3&#8243; bottom_padding=&#8221;4&#8243; overlay_alpha=&#8221;50&#8243; gutter_size=&#8221;3&#8243; column_width_percent=&#8221;100&#8243; shift_y=&#8221;0&#8243; z_index=&#8221;0&#8243; content_parallax=&#8221;0&#8243; uncode_shortcode_id=&#8221;145571&#8243;][vc_column column_width_percent=&#8221;100&#8243; gutter_size=&#8221;2&#8243; overlay_alpha=&#8221;50&#8243; shift_x=&#8221;0&#8243; shift_y=&#8221;0&#8243; shift_y_down=&#8221;0&#8243; z_index=&#8221;0&#8243; [&hellip;]","og_url":"https:\/\/joomhost1.com\/leishvet\/leishmaniose-bei-hunden-und-katzen\/","og_site_name":"LeishVet","article_modified_time":"2025-09-17T15:02:22+00:00","twitter_card":"summary_large_image","twitter_misc":{"Est. reading time":"1 minute"},"schema":{"@context":"https:\/\/schema.org","@graph":[{"@type":"WebPage","@id":"https:\/\/joomhost1.com\/leishvet\/leishmaniose-bei-hunden-und-katzen\/","url":"https:\/\/joomhost1.com\/leishvet\/leishmaniose-bei-hunden-und-katzen\/","name":"Leishmaniose bei Hunden und Katzen - LeishVet","isPartOf":{"@id":"https:\/\/joomhost1.com\/leishvet\/#website"},"datePublished":"2025-09-10T08:31:13+00:00","dateModified":"2025-09-17T15:02:22+00:00","breadcrumb":{"@id":"https:\/\/joomhost1.com\/leishvet\/leishmaniose-bei-hunden-und-katzen\/#breadcrumb"},"inLanguage":"en-US","potentialAction":[{"@type":"ReadAction","target":["https:\/\/joomhost1.com\/leishvet\/leishmaniose-bei-hunden-und-katzen\/"]}]},{"@type":"BreadcrumbList","@id":"https:\/\/joomhost1.com\/leishvet\/leishmaniose-bei-hunden-und-katzen\/#breadcrumb","itemListElement":[{"@type":"ListItem","position":1,"name":"Home","item":"https:\/\/joomhost1.com\/leishvet\/"},{"@type":"ListItem","position":2,"name":"Leishmaniose bei Hunden und Katzen"}]},{"@type":"WebSite","@id":"https:\/\/joomhost1.com\/leishvet\/#website","url":"https:\/\/joomhost1.com\/leishvet\/","name":"LeishVet","description":"Scientific Association on Veterinary Leishmaniosis","potentialAction":[{"@type":"SearchAction","target":{"@type":"EntryPoint","urlTemplate":"https:\/\/joomhost1.com\/leishvet\/?s={search_term_string}"},"query-input":{"@type":"PropertyValueSpecification","valueRequired":true,"valueName":"search_term_string"}}],"inLanguage":"en-US"}]}},"_links":{"self":[{"href":"https:\/\/joomhost1.com\/leishvet\/wp-json\/wp\/v2\/pages\/34831","targetHints":{"allow":["GET"]}}],"collection":[{"href":"https:\/\/joomhost1.com\/leishvet\/wp-json\/wp\/v2\/pages"}],"about":[{"href":"https:\/\/joomhost1.com\/leishvet\/wp-json\/wp\/v2\/types\/page"}],"author":[{"embeddable":true,"href":"https:\/\/joomhost1.com\/leishvet\/wp-json\/wp\/v2\/users\/2"}],"replies":[{"embeddable":true,"href":"https:\/\/joomhost1.com\/leishvet\/wp-json\/wp\/v2\/comments?post=34831"}],"version-history":[{"count":1,"href":"https:\/\/joomhost1.com\/leishvet\/wp-json\/wp\/v2\/pages\/34831\/revisions"}],"predecessor-version":[{"id":34832,"href":"https:\/\/joomhost1.com\/leishvet\/wp-json\/wp\/v2\/pages\/34831\/revisions\/34832"}],"wp:attachment":[{"href":"https:\/\/joomhost1.com\/leishvet\/wp-json\/wp\/v2\/media?parent=34831"}],"curies":[{"name":"wp","href":"https:\/\/api.w.org\/{rel}","templated":true}]}}